{"id":27,"date":"2012-03-20T20:50:29","date_gmt":"2012-03-20T19:50:29","guid":{"rendered":"http:\/\/mitdabei.ch\/wordpress\/?page_id=27"},"modified":"2012-04-16T17:07:21","modified_gmt":"2012-04-16T15:07:21","slug":"fotos-kreuzfahrt","status":"publish","type":"page","link":"https:\/\/mitdabei.ch\/wordpress\/fotos-kreuzfahrt\/","title":{"rendered":"Fotos Asien-Rundreise"},"content":{"rendered":"<p>Unsere Kreuzfahrt dauert vom 15. April bis zum 2. Mai 2012.<\/p>\n<p>Fotos von den einzelnen Stationen sind in den entsprechenden Kapiteln zu finden. Allerdings k\u00f6nnen wir die Fotos auf der Kreuzfahrt nur beschr\u00e4nkt aktualisieren, da wir auf dem Schiff keine gute Internet-Verbindung haben. Wir schauen, was sich machen l\u00e4sst&#8230;<\/p>\n<p>&nbsp;<\/p>\n","protected":false},"excerpt":{"rendered":"<p>Unsere Kreuzfahrt dauert vom 15. April bis zum 2. Mai 2012. Fotos von den einzelnen Stationen sind in den entsprechenden Kapiteln zu finden. Allerdings k\u00f6nnen wir die Fotos auf der Kreuzfahrt nur beschr\u00e4nkt aktualisieren, da wir auf dem Schiff keine &hellip; <a href=\"https:\/\/mitdabei.ch\/wordpress\/fotos-kreuzfahrt\/\">Weiterlesen <span class=\"meta-nav\">&rarr;<\/span><\/a><\/p>\n","protected":false},"author":1,"featured_media":0,"parent":0,"menu_order":30,"comment_status":"open","ping_status":"open","template":"","meta":{"ngg_post_thumbnail":0,"footnotes":""},"class_list":["post-27","page","type-page","status-publish","hentry"],"_links":{"self":[{"href":"https:\/\/mitdabei.ch\/wordpress\/wp-json\/wp\/v2\/pages\/27","targetHints":{"allow":["GET"]}}],"collection":[{"href":"https:\/\/mitdabei.ch\/wordpress\/wp-json\/wp\/v2\/pages"}],"about":[{"href":"https:\/\/mitdabei.ch\/wordpress\/wp-json\/wp\/v2\/types\/page"}],"author":[{"embeddable":true,"href":"https:\/\/mitdabei.ch\/wordpress\/wp-json\/wp\/v2\/users\/1"}],"replies":[{"embeddable":true,"href":"https:\/\/mitdabei.ch\/wordpress\/wp-json\/wp\/v2\/comments?post=27"}],"version-history":[{"count":7,"href":"https:\/\/mitdabei.ch\/wordpress\/wp-json\/wp\/v2\/pages\/27\/revisions"}],"predecessor-version":[{"id":167,"href":"https:\/\/mitdabei.ch\/wordpress\/wp-json\/wp\/v2\/pages\/27\/revisions\/167"}],"wp:attachment":[{"href":"https:\/\/mitdabei.ch\/wordpress\/wp-json\/wp\/v2\/media?parent=27"}],"curies":[{"name":"wp","href":"https:\/\/api.w.org\/{rel}","templated":true}]}}